{"id":696,"date":"2019-09-23T19:03:00","date_gmt":"2019-09-23T17:03:00","guid":{"rendered":"https:\/\/paemx.com\/politica-privacidad\/"},"modified":"2020-03-06T14:39:23","modified_gmt":"2020-03-06T20:39:23","slug":"privacy-policy","status":"publish","type":"page","link":"https:\/\/paemx.com\/en\/privacy-policy\/","title":{"rendered":"Privacy Policy"},"content":{"rendered":"\n<div class=\"wp-block-cover alignfull has-background-dim heading-page-imagen\" style=\"background-image:url(https:\/\/paemx.com\/wp-content\/uploads\/2019\/10\/heading-aviso.jpg)\"><div class=\"wp-block-cover__inner-container is-layout-flow wp-block-cover-is-layout-flow\">\n<h1 class=\"wp-block-heading\">Privacy Policy<\/h1>\n<\/div><\/div>\n\n\n\n<div style=\"height:100px\" aria-hidden=\"true\" class=\"wp-block-spacer line-heading-page-imagen\"><\/div>\n\n\n\n<section class=\"wp-block-agctexdomain-wrapper-agcblocks alignwide paddingTopBottom50 backgroundNoRepeat backgroundContain alturaDefault\"><div class=\"container\"><div class=\"wrapper-inner-blocks\">\n<section class=\"wp-block-agctexdomain-columnas-agcblocks alignwide columnas col-1 col-1-a paddingTopBottom0 backgroundNoRepeat backgroundContain alturaDefault\"><div class=\"container\">\n<div class=\"wp-block-agctexdomain-columna-agcblocks Columna ag-animation css-animacionNone  JustifyflexStart backgroundNoRepeat backgroundContain\" data-ag-animation=\"animacionNone\"><div class=\"ColumnaContent paddingTopBottom0 paddingLeftRight20\">\n<p>Bienvenido. PAE pone este sitio a su disposici\u00f3n, sujeto a los siguientes t\u00e9rminos y condiciones. El uso que usted haga de este sitio debe acatar cada uno de los t\u00e9rminos que se describen a continuaci\u00f3n. Si usted no est\u00e1 de acuerdo con alguno de estos t\u00e9rminos, por favor, no utilice este sitio. Si usted tiene alguna pregunta acerca de estos t\u00e9rminos, por favor, comun\u00edquese con el Departamento Corporativo de Mercadotecnia y Comunicaciones.<\/p>\n\n\n\n<p><strong>Restricciones Generales de Uso<\/strong><\/p>\n\n\n\n<p>PAE o las terceras partes que otorgaron a PAE los derechos para ejercer cualquier recurso, t\u00edtulo e inter\u00e9s en y hacia los materiales contenidos en este Sitio, que son el trabajo con derecho de autor de PAE o de las terceras partes. PAE le otorga una licencia limitada, personal, no exclusiva y no transferible para utilizar y desplegar los materiales \u00fanicamente en su computadora personal y s\u00f3lo para los prop\u00f3sitos relacionados con la interacci\u00f3n que usted tiene con este website. Excepto en la forma que aqu\u00ed se especifica, usted no tiene derecho a copiar, descargar, desplegar, ejecutar, reproducir, distribuir, modificar, editar, alterar ni mejorar cualquiera de los materiales de ning\u00fan modo. Esta licencia limitada termina autom\u00e1ticamente, sin que usted reciba alg\u00fan tipo de aviso para usted, si usted infringe cualquiera de estos t\u00e9rminos. En el momento de la terminaci\u00f3n, usted deber\u00e1 \u2013 de manera inmediata \u2013 destruir cualesquier materiales descargados e impresos. Usted no tiene derecho, t\u00edtulo o inter\u00e9s (ni derecho de autor, marca registrada o alg\u00fan otro tipo de derecho sobre la propiedad intelectual) en o para el Sitio o cualquiera de los materiales, y usted acuerda no ejecutar procesos de &#8220;frame&#8221; o &#8220;mirror&#8221; en el sitio, cualquier material contenido en, o que sea accesible, desde este sitio o en cualquier otro servidor o aparato basado en Internet, sin la previa autorizaci\u00f3n escrita de PAE.<\/p>\n\n\n\n<p>PAE no monitorea rutinariamente la informaci\u00f3n que usted introduce en el Sitio, pero se reserva el derecho a hacerlo. Sin embargo, si en nuestros esfuerzos para promover la buena ciudadan\u00eda dentro de la comunidad de Internet, si PAE percibe el uso inadecuado del Sitio o de cualquiera de sus Servicios, PAE responder\u00e1 en la forma que, a su discreci\u00f3n exclusiva, PAE considere pertinente. Usted reconoce que PAE tendr\u00e1 el derecho a reportar a las autoridades responsables de la aplicaci\u00f3n de la legislaci\u00f3n cualesquier acciones que considere ilegales, as\u00ed como cualesquier reportes que reciba sobre tal conducta. En caso de ser solicitado, PAE cooperar\u00e1 totalmente con las entidades responsables de la aplicaci\u00f3n de la legislaci\u00f3n en cualquier investigaci\u00f3n de supuesta actividad ilegal en Internet.<\/p>\n\n\n\n<p><strong>Interacci\u00f3n con Terceros y Ligas a Sitios de Terceros<\/strong><\/p>\n\n\n\n<p>Al usar el Sitio, usted podr\u00eda establecer correspondencia con, o participar en promociones de anunciantes o miembros o patrocinadores del Sitio. A menos que se especifique lo contrario, cualquier correspondencia, anuncio, compra o promoci\u00f3n, incluyendo la entrega de un pago por bienes o servicios, y cualquier otro t\u00e9rmino, condici\u00f3n, garant\u00eda o declaraci\u00f3n asociada con dicha correspondencia, compra o promoci\u00f3n, se da exclusivamente entre usted y el tercero aplicable. Usted reconoce que PAE no tiene ninguna responsabilidad ni obligaci\u00f3n en ninguna correspondencia, compra o promoci\u00f3n que se d\u00e9 entre usted y cualquier tercero.<\/p>\n\n\n\n<p>Este Sitio podr\u00eda tener ligas a otros sitios en la World Wide Web que no est\u00e1n bajo el control o mantenimiento de PAE. Dichas ligas no representan ning\u00fan tipo de respaldo de PAE hacia cualquiera de esos sitios. Usted reconoce que PAE le est\u00e1 proporcionando dichas ligas s\u00f3lo para su comodidad, y usted reconoce que PAE no es responsable del contenido ni de las ligas desplegadas en tales sitios a las cuales usted podr\u00eda ser dirigido.<\/p>\n\n\n\n<p><strong>Limitaci\u00f3n de Responsabilidad de las Garant\u00edas<\/strong><\/p>\n\n\n\n<p>Usted utiliza este Sitio bajo su propio riesgo. Este sitio podr\u00eda tener imprecisiones o errores que pudieran afectar la calidad de los materiales contenidos en el Sitio. Dichos materiales no han sido verificados ni autentificados de manera independiente \u2013 todos o en parte \u2013 por PAE. La compa\u00f1\u00eda no garantiza la precisi\u00f3n u oportunidad de los materiales. PAE no es responsable de los errores u omisiones en los materiales, fueran proporcionados por PAE o por terceros.<\/p>\n\n\n\n<p>ESTE SITIO SE ENTREGA A USTED BAJO EL CRITERIO \u201cEN LA FORMA EN QUE SE ENCUENTRA\u201d Y \u201cEN DONDE SE ENCUENTRA\u201d, SIN NINGUNA GARANT\u00cdA. PAE, POR S\u00cd MISMO Y NING\u00daN TERCERO QUE ENTREGUE MATERIALES, SERVICIOS O CONTENIDOS A ESTE WEBSITE, NO HACEN NINGUNA DECLARACI\u00d3N O GARANT\u00cdA CON RELACI\u00d3N A ESTE SITIO INCLUYENDO, PERO SIN QUEDAR LIMITADO A, LA CALIDAD, ADECUACI\u00d3N, VERACIDAD, PRECISI\u00d3N O PROFUNDIDAD DE CUALQUIER MATERIAL, INFORMACI\u00d3N, PRODUCTO O SERVICIO CONTENIDO EN ESTE SITIO. TODAS LAS CONDICIONES, REPRESENTACIONES Y GARANT\u00cdAS, YA SEAN EXPRESAS, IMPL\u00cdCITAS, ESTATUTARIAS O DE CUALQUIER OTRO TIPO, INCLUYENDO CUALQUIER GARANT\u00cdA IMPL\u00cdCITA DE COMERCIABILIDAD, ADECUACI\u00d3N PARA UN PROP\u00d3SITO PARTICULAR O NO INFRACCI\u00d3N DE LOS DERECHOS DE ALG\u00daN TERCERO, SE RECHAZAN POR ESTE MEDIO. PAE NO SER\u00c1 RESPONSABLE NI ANTE USTED NI ANTE CUALQUIER TERCERO POR DA\u00d1OS DE NING\u00daN TIPO INCLUYENDO, PERO SIN QUEDAR LIMITADOS, A LOS DA\u00d1OS DIRECTOS, INDIRECTOS, INCIDENTALES, CONSECUENCIALES O PUNITIVOS, QUE SURJAN DE, O QUE EST\u00c9N CONECTADOS CON EL SITIO, INCLUYENDO, PERO SIN QUEDAR LIMITADO A, EL USO QUE USTED HAGA DEL SITIO O DE SU FALTA DE CAPACIDAD PARA USAR EL SITIO, INCLUSO CUANDO PAE HAYA SIDO NOTIFICADO PREVIAMENTE DE LA POSIBILIDAD DE TALES DA\u00d1OS.<\/p>\n\n\n\n<p><strong>Imprecisiones o Errores<\/strong><\/p>\n\n\n\n<p>Las descripciones, im\u00e1genes o cualesquier otras representaciones de productos en este sitio podr\u00edan contener imprecisiones y errores. PAE no hace ninguna garant\u00eda o declaraci\u00f3n con respecto a la precisi\u00f3n o profundidad de dicha informaci\u00f3n.<\/p>\n\n\n\n<p>Adem\u00e1s, los precios y disponibilidad de los productos contenidos en este sitio podr\u00edan cambiar sin previo aviso para usted y en cualquier momento, a discreci\u00f3n exclusiva de PAE.<\/p>\n\n\n\n<p><strong>Legislaci\u00f3n Local; Control de la Exportaci\u00f3n<\/strong><\/p>\n\n\n\n<p>PAE controla y opera este Sitio desde sus oficinas generales en M\u00e9xico, y no hace ninguna declaraci\u00f3n con respecto a que los materiales ser\u00e1n adecuados o estar\u00e1n disponibles para ser utilizados en otras localidades. A menos que lo contrario se indique de manera espec\u00edfica, todos los materiales promocionales o de marketing que se encuentre en este sitio est\u00e1n dirigidos exclusivamente a personas, empresas o entidades ubicadas en M\u00e9xico. Si usted utiliza este Sitio desde fuera de M\u00e9xico, usted ser\u00e1 enteramente responsable de cumplir con las leyes locales, incluyendo, pero no limitado a los reglamentos de exportaci\u00f3n e importaci\u00f3n.<\/p>\n\n\n\n<p><strong>Marcas Registradas<\/strong><\/p>\n\n\n\n<p>Todos los productos marcados con los s\u00edmbolos \u2122 \u00f3 \u00ae son marcas registradas de sus respectivos propietarios. Las marcas registradas no podr\u00e1n ser utilizadas con relaci\u00f3n a ning\u00fan producto o servicio que no sea producto o servicio de su respectivo propietario.<\/p>\n\n\n\n<p><strong>Revisiones de los T\u00e9rminos de Uso<\/strong><\/p>\n\n\n\n<p>PAE puede revisar estos T\u00e9rminos en cualquier momento sin aviso a trav\u00e9s de la actualizaci\u00f3n de esta publicaci\u00f3n. El hecho de que usted contin\u00fae utilizando este Sitio despu\u00e9s de tales modificaciones constituir\u00e1 su aceptaci\u00f3n de los T\u00e9rminos revisados.<\/p>\n\n\n\n<p><strong>Legislaci\u00f3n Aplicable<\/strong><\/p>\n\n\n\n<p>Cualquier acci\u00f3n relacionada con estos T\u00e9rminos estar\u00e1 gobernada por la ley de los Estados Unidos Mexicanos, sin tomar en cuenta la elecci\u00f3n o los conflictos de las disposiciones legales de cualquier jurisdicci\u00f3n. Usted acepta someterse a la jurisdicci\u00f3n de los tribunales ubicados en los Estados Unidos Mexicanos, para resolver todas las controversias que surjan de o con relaci\u00f3n a estos T\u00e9rminos y\/o el uso que usted haga del sitio.<\/p>\n\n\n\n<p><strong>Actividades No Autorizadas<\/strong><\/p>\n\n\n\n<p>El env\u00edo y el uso no autorizado de cualquiera de los materiales contenidos en este sitio podr\u00eda infringir las leyes del derecho de autor, las leyes de las marcas registradas, las leyes de privacidad y publicidad, ciertos estatutos y reglamentos de las comunicaciones, y otras leyes y reglamentos aplicables. S\u00f3lo usted es responsable de sus acciones.<\/p>\n<\/div> <\/div>\n<\/div> <div class=\"bg-forma bg-forma-display-none\"><\/div><\/section>\n<\/div><\/div> <div class=\"bg-forma\"><\/div><\/section>\n","protected":false},"excerpt":{"rendered":"","protected":false},"author":1,"featured_media":0,"parent":0,"menu_order":0,"comment_status":"closed","ping_status":"open","template":"","meta":{"_acf_changed":false,"footnotes":""},"class_list":["post-696","page","type-page","status-publish","hentry"],"acf":[],"yoast_head":"<!-- This site is optimized with the Yoast SEO plugin v27.6 - https:\/\/yoast.com\/product\/yoast-seo-wordpress\/ -->\n<title>Privacy Policy - Proveedora de Aislantes El\u00e9ctricos<\/title>\n<meta name=\"robots\" content=\"index, follow, max-snippet:-1, max-image-preview:large, max-video-preview:-1\" \/>\n<link rel=\"canonical\" href=\"https:\/\/paemx.com\/en\/privacy-policy\/\" \/>\n<meta property=\"og:locale\" content=\"en_US\" \/>\n<meta property=\"og:type\" content=\"article\" \/>\n<meta property=\"og:title\" content=\"Privacy Policy - Proveedora de Aislantes El\u00e9ctricos\" \/>\n<meta property=\"og:url\" content=\"https:\/\/paemx.com\/en\/privacy-policy\/\" \/>\n<meta property=\"og:site_name\" content=\"Proveedora de Aislantes El\u00e9ctricos\" \/>\n<meta property=\"article:modified_time\" content=\"2020-03-06T20:39:23+00:00\" \/>\n<meta name=\"twitter:card\" content=\"summary_large_image\" \/>\n<meta name=\"twitter:label1\" content=\"Est. reading time\" \/>\n\t<meta name=\"twitter:data1\" content=\"7 minutes\" \/>\n<script type=\"application\/ld+json\" class=\"yoast-schema-graph\">{\"@context\":\"https:\\\/\\\/schema.org\",\"@graph\":[{\"@type\":\"WebPage\",\"@id\":\"https:\\\/\\\/paemx.com\\\/en\\\/privacy-policy\\\/\",\"url\":\"https:\\\/\\\/paemx.com\\\/en\\\/privacy-policy\\\/\",\"name\":\"Privacy Policy - Proveedora de Aislantes El\u00e9ctricos\",\"isPartOf\":{\"@id\":\"https:\\\/\\\/paemx.com\\\/#website\"},\"datePublished\":\"2019-09-23T17:03:00+00:00\",\"dateModified\":\"2020-03-06T20:39:23+00:00\",\"breadcrumb\":{\"@id\":\"https:\\\/\\\/paemx.com\\\/en\\\/privacy-policy\\\/#breadcrumb\"},\"inLanguage\":\"en-US\",\"potentialAction\":[{\"@type\":\"ReadAction\",\"target\":[\"https:\\\/\\\/paemx.com\\\/en\\\/privacy-policy\\\/\"]}]},{\"@type\":\"BreadcrumbList\",\"@id\":\"https:\\\/\\\/paemx.com\\\/en\\\/privacy-policy\\\/#breadcrumb\",\"itemListElement\":[{\"@type\":\"ListItem\",\"position\":1,\"name\":\"Portada\",\"item\":\"https:\\\/\\\/paemx.com\\\/en\\\/\"},{\"@type\":\"ListItem\",\"position\":2,\"name\":\"Privacy Policy\"}]},{\"@type\":\"WebSite\",\"@id\":\"https:\\\/\\\/paemx.com\\\/#website\",\"url\":\"https:\\\/\\\/paemx.com\\\/\",\"name\":\"Proveedora de Aislantes El\u00e9ctricos\",\"description\":\"Proveedora de Aislantes El\u00e9ctricos\",\"potentialAction\":[{\"@type\":\"SearchAction\",\"target\":{\"@type\":\"EntryPoint\",\"urlTemplate\":\"https:\\\/\\\/paemx.com\\\/?s={search_term_string}\"},\"query-input\":{\"@type\":\"PropertyValueSpecification\",\"valueRequired\":true,\"valueName\":\"search_term_string\"}}],\"inLanguage\":\"en-US\"}]}<\/script>\n<!-- \/ Yoast SEO plugin. -->","yoast_head_json":{"title":"Privacy Policy - Proveedora de Aislantes El\u00e9ctricos","robots":{"index":"index","follow":"follow","max-snippet":"max-snippet:-1","max-image-preview":"max-image-preview:large","max-video-preview":"max-video-preview:-1"},"canonical":"https:\/\/paemx.com\/en\/privacy-policy\/","og_locale":"en_US","og_type":"article","og_title":"Privacy Policy - Proveedora de Aislantes El\u00e9ctricos","og_url":"https:\/\/paemx.com\/en\/privacy-policy\/","og_site_name":"Proveedora de Aislantes El\u00e9ctricos","article_modified_time":"2020-03-06T20:39:23+00:00","twitter_card":"summary_large_image","twitter_misc":{"Est. reading time":"7 minutes"},"schema":{"@context":"https:\/\/schema.org","@graph":[{"@type":"WebPage","@id":"https:\/\/paemx.com\/en\/privacy-policy\/","url":"https:\/\/paemx.com\/en\/privacy-policy\/","name":"Privacy Policy - Proveedora de Aislantes El\u00e9ctricos","isPartOf":{"@id":"https:\/\/paemx.com\/#website"},"datePublished":"2019-09-23T17:03:00+00:00","dateModified":"2020-03-06T20:39:23+00:00","breadcrumb":{"@id":"https:\/\/paemx.com\/en\/privacy-policy\/#breadcrumb"},"inLanguage":"en-US","potentialAction":[{"@type":"ReadAction","target":["https:\/\/paemx.com\/en\/privacy-policy\/"]}]},{"@type":"BreadcrumbList","@id":"https:\/\/paemx.com\/en\/privacy-policy\/#breadcrumb","itemListElement":[{"@type":"ListItem","position":1,"name":"Portada","item":"https:\/\/paemx.com\/en\/"},{"@type":"ListItem","position":2,"name":"Privacy Policy"}]},{"@type":"WebSite","@id":"https:\/\/paemx.com\/#website","url":"https:\/\/paemx.com\/","name":"Proveedora de Aislantes El\u00e9ctricos","description":"Proveedora de Aislantes El\u00e9ctricos","potentialAction":[{"@type":"SearchAction","target":{"@type":"EntryPoint","urlTemplate":"https:\/\/paemx.com\/?s={search_term_string}"},"query-input":{"@type":"PropertyValueSpecification","valueRequired":true,"valueName":"search_term_string"}}],"inLanguage":"en-US"}]}},"_links":{"self":[{"href":"https:\/\/paemx.com\/en\/wp-json\/wp\/v2\/pages\/696","targetHints":{"allow":["GET"]}}],"collection":[{"href":"https:\/\/paemx.com\/en\/wp-json\/wp\/v2\/pages"}],"about":[{"href":"https:\/\/paemx.com\/en\/wp-json\/wp\/v2\/types\/page"}],"author":[{"embeddable":true,"href":"https:\/\/paemx.com\/en\/wp-json\/wp\/v2\/users\/1"}],"replies":[{"embeddable":true,"href":"https:\/\/paemx.com\/en\/wp-json\/wp\/v2\/comments?post=696"}],"version-history":[{"count":6,"href":"https:\/\/paemx.com\/en\/wp-json\/wp\/v2\/pages\/696\/revisions"}],"predecessor-version":[{"id":837,"href":"https:\/\/paemx.com\/en\/wp-json\/wp\/v2\/pages\/696\/revisions\/837"}],"wp:attachment":[{"href":"https:\/\/paemx.com\/en\/wp-json\/wp\/v2\/media?parent=696"}],"curies":[{"name":"wp","href":"https:\/\/api.w.org\/{rel}","templated":true}]}}