{"id":697,"date":"2019-09-23T17:22:21","date_gmt":"2019-09-23T22:22:21","guid":{"rendered":"https:\/\/paemx.com\/contacto\/"},"modified":"2023-02-13T15:05:27","modified_gmt":"2023-02-13T21:05:27","slug":"contact","status":"publish","type":"page","link":"https:\/\/paemx.com\/en\/contact\/","title":{"rendered":"Contact"},"content":{"rendered":"\n<div class=\"wp-block-cover alignfull is-light heading-page-imagen\"><span aria-hidden=\"true\" class=\"wp-block-cover__background has-background-dim-40 has-background-dim\"><\/span><img loading=\"lazy\" decoding=\"async\" width=\"1600\" height=\"384\" class=\"wp-block-cover__image-background wp-image-362\" alt=\"\" src=\"https:\/\/paemx.com\/wp-content\/uploads\/2019\/09\/heading-contacto.jpg\" style=\"object-position:73% 46%\" data-object-fit=\"cover\" data-object-position=\"73% 46%\" srcset=\"https:\/\/paemx.com\/wp-content\/uploads\/2019\/09\/heading-contacto.jpg 1600w, https:\/\/paemx.com\/wp-content\/uploads\/2019\/09\/heading-contacto-480x115.jpg 480w, https:\/\/paemx.com\/wp-content\/uploads\/2019\/09\/heading-contacto-1024x246.jpg 1024w, https:\/\/paemx.com\/wp-content\/uploads\/2019\/09\/heading-contacto-400x96.jpg 400w\" sizes=\"auto, (max-width: 1600px) 100vw, 1600px\" \/><div class=\"wp-block-cover__inner-container is-layout-flow wp-block-cover-is-layout-flow\">\n<h1 class=\"has-text-align-center wp-block-heading\">Contact<\/h1>\n<\/div><\/div>\n\n\n\n<div style=\"height:100px\" aria-hidden=\"true\" class=\"wp-block-spacer line-heading-page-imagen\"><\/div>\n\n\n\n<section class=\"wp-block-agctexdomain-wrapper-agcblocks alignwide paddingTopBottom50 backgroundNoRepeat backgroundContain alturaDefault\"><div class=\"container\"><div class=\"wrapper-inner-blocks\">\n<section class=\"wp-block-agctexdomain-columnas-agcblocks alignwide columnas col-2 col-2-a paddingTopBottom0 backgroundNoRepeat backgroundContain alturaDefault\"><div class=\"container\">\n<div class=\"wp-block-agctexdomain-columna-agcblocks Columna ag-animation css-animacionNone  JustifyflexStart backgroundNoRepeat backgroundContain\" data-ag-animation=\"animacionNone\"><div class=\"ColumnaContent paddingTopBottom0 paddingLeftRight20\">\n<p class=\"has-text-color\" style=\"color:#757575;font-size:15px\">For more information of our products and services, please send us your contact information and request. We will contact you promptly.<\/p>\n\n\n\n<div class=\"wpcf7 no-js\" id=\"wpcf7-f815-o1\" lang=\"es-ES\" dir=\"ltr\" data-wpcf7-id=\"815\">\n<div class=\"screen-reader-response\"><p role=\"status\" aria-live=\"polite\" aria-atomic=\"true\"><\/p> <ul><\/ul><\/div>\n<form action=\"\/en\/wp-json\/wp\/v2\/pages\/697#wpcf7-f815-o1\" method=\"post\" class=\"wpcf7-form init\" aria-label=\"Formulario de contacto\" novalidate=\"novalidate\" data-status=\"init\">\n<fieldset class=\"hidden-fields-container\"><input type=\"hidden\" name=\"_wpcf7\" value=\"815\" \/><input type=\"hidden\" name=\"_wpcf7_version\" value=\"6.1.6\" \/><input type=\"hidden\" name=\"_wpcf7_locale\" value=\"es_ES\" \/><input type=\"hidden\" name=\"_wpcf7_unit_tag\" value=\"wpcf7-f815-o1\" \/><input type=\"hidden\" name=\"_wpcf7_container_post\" value=\"0\" \/><input type=\"hidden\" name=\"_wpcf7_posted_data_hash\" value=\"\" \/><input type=\"hidden\" name=\"_wpcf7_recaptcha_response\" value=\"\" \/>\n<\/fieldset>\n<div class=\"wrap-contacto-general\">\n\t<div class=\"wrap-form wrap-form-2\">\n\t\t<div class=\"input-wrap-form\">\n\t\t\t<p><span class=\"wpcf7-form-control-wrap\" data-name=\"your-name\"><input size=\"40\" maxlength=\"400\" class=\"wpcf7-form-control wpcf7-text wpcf7-validates-as-required\" aria-required=\"true\" aria-invalid=\"false\" placeholder=\"*Name &amp; Surname\" value=\"\" type=\"text\" name=\"your-name\" \/><\/span>\n\t\t\t<\/p>\n\t\t<\/div>\n\t\t<div class=\"input-wrap-form\">\n\t\t\t<p><span class=\"wpcf7-form-control-wrap\" data-name=\"your-email\"><input size=\"40\" maxlength=\"400\" class=\"wpcf7-form-control wpcf7-email wpcf7-validates-as-required wpcf7-text wpcf7-validates-as-email\" aria-required=\"true\" aria-invalid=\"false\" placeholder=\"*Email\" value=\"\" type=\"email\" name=\"your-email\" \/><\/span>\n\t\t\t<\/p>\n\t\t<\/div>\n\t<\/div>\n\t<div class=\"wrap-form wrap-form-2\">\n\t\t<div class=\"input-wrap-form\">\n\t\t\t<p><span class=\"wpcf7-form-control-wrap\" data-name=\"tel-635\"><input size=\"40\" maxlength=\"400\" class=\"wpcf7-form-control wpcf7-tel wpcf7-validates-as-required wpcf7-text wpcf7-validates-as-tel\" aria-required=\"true\" aria-invalid=\"false\" placeholder=\"*Phone\" value=\"\" type=\"tel\" name=\"tel-635\" \/><\/span>\n\t\t\t<\/p>\n\t\t<\/div>\n\t\t<div class=\"input-wrap-form\">\n\t\t\t<p><span class=\"wpcf7-form-control-wrap\" data-name=\"NombredelaCompana\"><input size=\"40\" maxlength=\"400\" class=\"wpcf7-form-control wpcf7-text\" aria-invalid=\"false\" placeholder=\"Company name\" value=\"\" type=\"text\" name=\"NombredelaCompana\" \/><\/span>\n\t\t\t<\/p>\n\t\t<\/div>\n\t<\/div>\n\t<div class=\"wrap-form wrap-form-2\">\n\t\t<div class=\"input-wrap-form\">\n\t\t\t<p><span class=\"wpcf7-form-control-wrap\" data-name=\"ciudad\"><input size=\"40\" maxlength=\"400\" class=\"wpcf7-form-control wpcf7-text wpcf7-validates-as-required\" aria-required=\"true\" aria-invalid=\"false\" placeholder=\"*City and state\" value=\"\" type=\"text\" name=\"ciudad\" \/><\/span>\n\t\t\t<\/p>\n\t\t<\/div>\n\t\t<div class=\"input-wrap-form\">\n\t\t\t<p><span class=\"wpcf7-form-control-wrap\" data-name=\"pais\"><input size=\"40\" maxlength=\"400\" class=\"wpcf7-form-control wpcf7-text wpcf7-validates-as-required\" aria-required=\"true\" aria-invalid=\"false\" placeholder=\"Country\" value=\"\" type=\"text\" name=\"pais\" \/><\/span>\n\t\t\t<\/p>\n\t\t<\/div>\n\t<\/div>\n\t<div class=\"wrap-form wrap-form-1\">\n\t\t<div class=\"input-wrap-form\">\n\t\t\t<p><span class=\"wpcf7-form-control-wrap\" data-name=\"your-message\"><textarea cols=\"40\" rows=\"10\" maxlength=\"2000\" class=\"wpcf7-form-control wpcf7-textarea wpcf7-validates-as-required\" aria-required=\"true\" aria-invalid=\"false\" placeholder=\"*Comments\" name=\"your-message\"><\/textarea><\/span>\n\t\t\t<\/p>\n\t\t<\/div>\n\t<\/div>\n\t<div class=\"wrap-form wrap-form-1\">\n\t\t<div class=\"input-wrap-form\">\n\t\t\t<div class=\"recaptcha-google\">\n\t\t\t\t<p>This site is protected by reCAPTCHA and the Google <a href=\"https:\/\/policies.google.com\/privacy\">Privacy Policy<\/a> and <a href=\"https:\/\/policies.google.com\/terms\">Terms of Service<\/a> apply.\n\t\t\t\t<\/p>\n\t\t\t<\/div>\n\t\t<\/div>\n\t<\/div>\n\t<div class=\"wrap-form wrap-form-1\">\n\t\t<div class=\"input-wrap-form\">\n\t\t\t<p><input class=\"wpcf7-form-control wpcf7-submit has-spinner\" type=\"submit\" value=\"Submit\" \/>\n\t\t\t<\/p>\n\t\t<\/div>\n\t<\/div>\n<\/div><div class=\"wpcf7-response-output\" aria-hidden=\"true\"><\/div>\n<\/form>\n<\/div>\n\n<\/div> <\/div>\n\n\n\n<div class=\"wp-block-agctexdomain-columna-agcblocks Columna ag-animation css-animacionNone  JustifyflexStart backgroundNoRepeat backgroundContain\" data-ag-animation=\"animacionNone\"><div class=\"ColumnaContent paddingTopBottom0 paddingLeftRight20\">\n<section class=\"wp-block-agctexdomain-wrapper-agcblocks alignwide paddingTopBottom0 backgroundNoRepeat backgroundContain alturaDefault block-ubicacion\"><div class=\"container\"><div class=\"wrapper-inner-blocks\">\n<h3 class=\"color1 wp-block-heading\"><strong>Corporate Offices \/ Headquarters<\/strong><\/h3>\n\n\n\n<p>Proveedora de Aislantes El\u00e9ctricos S.A. de C.V.<br>Dr. Jes\u00fas Ma. Gonz\u00e1lez No.220<br>Col. San Jer\u00f3nimo<br>Monterrey, N.L. 64640<br>Phone: +52 81 8151 5600<\/p>\n<\/div><\/div> <div class=\"bg-forma\"><\/div><\/section>\n\n\n\n<section class=\"wp-block-agctexdomain-wrapper-agcblocks alignwide paddingTopBottom0 backgroundNoRepeat backgroundContain alturaDefault block-ubicacion\"><div class=\"container\"><div class=\"wrapper-inner-blocks\">\n<h3 class=\"color1 wp-block-heading\"><strong>Mexico City <\/strong> <\/h3>\n\n\n\n<p>Proveedora de Aislantes El\u00e9ctricos S.A. de C.V.<br>San Isidro No.127<br>Col. Ampliaci\u00f3n Petrolera<br>Delegaci\u00f3n Azcapotzalco<br>CDMX, 02480<br>Phone: +52 55 5354 3480<\/p>\n<\/div><\/div> <div class=\"bg-forma\"><\/div><\/section>\n\n\n\n<section class=\"wp-block-agctexdomain-wrapper-agcblocks alignwide paddingTopBottom0 backgroundNoRepeat backgroundContain alturaDefault block-ubicacion\"><div class=\"container\"><div class=\"wrapper-inner-blocks\">\n<h3 class=\"color1 wp-block-heading\">Guadalajara<\/h3>\n\n\n\n<p>Proveedora de Aislantes El\u00e9ctricos S.A. de C.V.<br>Paseo de los Adobes #1081<br>Bodega 1, Parque Ferr\u00e1n IV <br>Guadalajara Technology Park <br>Zapopan, Jalisco C.P. 45010<br>Phone: +52 33 3777 4141<\/p>\n<\/div><\/div> <div class=\"bg-forma\"><\/div><\/section>\n\n\n\n<section class=\"wp-block-agctexdomain-wrapper-agcblocks alignwide paddingTopBottom0 backgroundNoRepeat backgroundContain alturaDefault block-ubicacion\"><div class=\"container\"><div class=\"wrapper-inner-blocks\">\n<h3 class=\"color1 wp-block-heading\">Quer\u00e9taro<\/h3>\n\n\n\n<p>Espuela del Ferrocarril #246<br>Bodega 4, Carrillo Park<br>Col. Carrillo Puerto<br>Quer\u00e9taro, Qro. 76138<br>Phone: +52 442 235 9100<\/p>\n<\/div><\/div> <div class=\"bg-forma\"><\/div><\/section>\n<\/div> <\/div>\n<\/div> <div class=\"bg-forma bg-forma-display-none\"><\/div><\/section>\n<\/div><\/div> <div class=\"bg-forma\"><\/div><\/section>\n","protected":false},"excerpt":{"rendered":"","protected":false},"author":1,"featured_media":0,"parent":0,"menu_order":0,"comment_status":"closed","ping_status":"closed","template":"","meta":{"_acf_changed":false,"footnotes":""},"class_list":["post-697","page","type-page","status-publish","hentry"],"acf":[],"yoast_head":"<!-- This site is optimized with the Yoast SEO plugin v27.6 - https:\/\/yoast.com\/product\/yoast-seo-wordpress\/ -->\n<title>PAE, Distribuidor de material aislante electrico<\/title>\n<meta name=\"description\" content=\"Distribuimos productos y proveemos servicios de valor agregado para los fabricantes de equipo original (OEMs) en la industria manufacturera de M\u00e9xico en los siguientes mercados: El\u00e9ctrico, electr\u00f3nico, automotriz, electrodom\u00e9stico, industrial.\" \/>\n<meta name=\"robots\" content=\"index, follow, max-snippet:-1, max-image-preview:large, max-video-preview:-1\" \/>\n<link rel=\"canonical\" href=\"https:\/\/paemx.com\/en\/contact\/\" \/>\n<meta property=\"og:locale\" content=\"en_US\" \/>\n<meta property=\"og:type\" content=\"article\" \/>\n<meta property=\"og:title\" content=\"PAE, Distribuidor de material aislante electrico\" \/>\n<meta property=\"og:description\" content=\"Distribuimos productos y proveemos servicios de valor agregado para los fabricantes de equipo original (OEMs) en la industria manufacturera de M\u00e9xico en los siguientes mercados: El\u00e9ctrico, electr\u00f3nico, automotriz, electrodom\u00e9stico, industrial.\" \/>\n<meta property=\"og:url\" content=\"https:\/\/paemx.com\/en\/contact\/\" \/>\n<meta property=\"og:site_name\" content=\"Proveedora de Aislantes El\u00e9ctricos\" \/>\n<meta property=\"article:modified_time\" content=\"2023-02-13T21:05:27+00:00\" \/>\n<meta property=\"og:image\" content=\"https:\/\/paemx.com\/wp-content\/uploads\/2019\/09\/heading-contacto.jpg\" \/>\n<meta name=\"twitter:card\" content=\"summary_large_image\" \/>\n<meta name=\"twitter:label1\" content=\"Est. reading time\" \/>\n\t<meta name=\"twitter:data1\" content=\"1 minute\" \/>\n<script type=\"application\/ld+json\" class=\"yoast-schema-graph\">{\"@context\":\"https:\\\/\\\/schema.org\",\"@graph\":[{\"@type\":\"WebPage\",\"@id\":\"https:\\\/\\\/paemx.com\\\/en\\\/contact\\\/\",\"url\":\"https:\\\/\\\/paemx.com\\\/en\\\/contact\\\/\",\"name\":\"PAE, Distribuidor de material aislante electrico\",\"isPartOf\":{\"@id\":\"https:\\\/\\\/paemx.com\\\/#website\"},\"primaryImageOfPage\":{\"@id\":\"https:\\\/\\\/paemx.com\\\/en\\\/contact\\\/#primaryimage\"},\"image\":{\"@id\":\"https:\\\/\\\/paemx.com\\\/en\\\/contact\\\/#primaryimage\"},\"thumbnailUrl\":\"https:\\\/\\\/paemx.com\\\/wp-content\\\/uploads\\\/2019\\\/09\\\/heading-contacto.jpg\",\"datePublished\":\"2019-09-23T22:22:21+00:00\",\"dateModified\":\"2023-02-13T21:05:27+00:00\",\"description\":\"Distribuimos productos y proveemos servicios de valor agregado para los fabricantes de equipo original (OEMs) en la industria manufacturera de M\u00e9xico en los siguientes mercados: El\u00e9ctrico, electr\u00f3nico, automotriz, electrodom\u00e9stico, industrial.\",\"breadcrumb\":{\"@id\":\"https:\\\/\\\/paemx.com\\\/en\\\/contact\\\/#breadcrumb\"},\"inLanguage\":\"en-US\",\"potentialAction\":[{\"@type\":\"ReadAction\",\"target\":[\"https:\\\/\\\/paemx.com\\\/en\\\/contact\\\/\"]}]},{\"@type\":\"ImageObject\",\"inLanguage\":\"en-US\",\"@id\":\"https:\\\/\\\/paemx.com\\\/en\\\/contact\\\/#primaryimage\",\"url\":\"https:\\\/\\\/paemx.com\\\/wp-content\\\/uploads\\\/2019\\\/09\\\/heading-contacto.jpg\",\"contentUrl\":\"https:\\\/\\\/paemx.com\\\/wp-content\\\/uploads\\\/2019\\\/09\\\/heading-contacto.jpg\"},{\"@type\":\"BreadcrumbList\",\"@id\":\"https:\\\/\\\/paemx.com\\\/en\\\/contact\\\/#breadcrumb\",\"itemListElement\":[{\"@type\":\"ListItem\",\"position\":1,\"name\":\"Portada\",\"item\":\"https:\\\/\\\/paemx.com\\\/en\\\/\"},{\"@type\":\"ListItem\",\"position\":2,\"name\":\"Contact\"}]},{\"@type\":\"WebSite\",\"@id\":\"https:\\\/\\\/paemx.com\\\/#website\",\"url\":\"https:\\\/\\\/paemx.com\\\/\",\"name\":\"Proveedora de Aislantes El\u00e9ctricos\",\"description\":\"Proveedora de Aislantes El\u00e9ctricos\",\"potentialAction\":[{\"@type\":\"SearchAction\",\"target\":{\"@type\":\"EntryPoint\",\"urlTemplate\":\"https:\\\/\\\/paemx.com\\\/?s={search_term_string}\"},\"query-input\":{\"@type\":\"PropertyValueSpecification\",\"valueRequired\":true,\"valueName\":\"search_term_string\"}}],\"inLanguage\":\"en-US\"}]}<\/script>\n<!-- \/ Yoast SEO plugin. -->","yoast_head_json":{"title":"PAE, Distribuidor de material aislante electrico","description":"Distribuimos productos y proveemos servicios de valor agregado para los fabricantes de equipo original (OEMs) en la industria manufacturera de M\u00e9xico en los siguientes mercados: El\u00e9ctrico, electr\u00f3nico, automotriz, electrodom\u00e9stico, industrial.","robots":{"index":"index","follow":"follow","max-snippet":"max-snippet:-1","max-image-preview":"max-image-preview:large","max-video-preview":"max-video-preview:-1"},"canonical":"https:\/\/paemx.com\/en\/contact\/","og_locale":"en_US","og_type":"article","og_title":"PAE, Distribuidor de material aislante electrico","og_description":"Distribuimos productos y proveemos servicios de valor agregado para los fabricantes de equipo original (OEMs) en la industria manufacturera de M\u00e9xico en los siguientes mercados: El\u00e9ctrico, electr\u00f3nico, automotriz, electrodom\u00e9stico, industrial.","og_url":"https:\/\/paemx.com\/en\/contact\/","og_site_name":"Proveedora de Aislantes El\u00e9ctricos","article_modified_time":"2023-02-13T21:05:27+00:00","og_image":[{"url":"https:\/\/paemx.com\/wp-content\/uploads\/2019\/09\/heading-contacto.jpg","type":"","width":"","height":""}],"twitter_card":"summary_large_image","twitter_misc":{"Est. reading time":"1 minute"},"schema":{"@context":"https:\/\/schema.org","@graph":[{"@type":"WebPage","@id":"https:\/\/paemx.com\/en\/contact\/","url":"https:\/\/paemx.com\/en\/contact\/","name":"PAE, Distribuidor de material aislante electrico","isPartOf":{"@id":"https:\/\/paemx.com\/#website"},"primaryImageOfPage":{"@id":"https:\/\/paemx.com\/en\/contact\/#primaryimage"},"image":{"@id":"https:\/\/paemx.com\/en\/contact\/#primaryimage"},"thumbnailUrl":"https:\/\/paemx.com\/wp-content\/uploads\/2019\/09\/heading-contacto.jpg","datePublished":"2019-09-23T22:22:21+00:00","dateModified":"2023-02-13T21:05:27+00:00","description":"Distribuimos productos y proveemos servicios de valor agregado para los fabricantes de equipo original (OEMs) en la industria manufacturera de M\u00e9xico en los siguientes mercados: El\u00e9ctrico, electr\u00f3nico, automotriz, electrodom\u00e9stico, industrial.","breadcrumb":{"@id":"https:\/\/paemx.com\/en\/contact\/#breadcrumb"},"inLanguage":"en-US","potentialAction":[{"@type":"ReadAction","target":["https:\/\/paemx.com\/en\/contact\/"]}]},{"@type":"ImageObject","inLanguage":"en-US","@id":"https:\/\/paemx.com\/en\/contact\/#primaryimage","url":"https:\/\/paemx.com\/wp-content\/uploads\/2019\/09\/heading-contacto.jpg","contentUrl":"https:\/\/paemx.com\/wp-content\/uploads\/2019\/09\/heading-contacto.jpg"},{"@type":"BreadcrumbList","@id":"https:\/\/paemx.com\/en\/contact\/#breadcrumb","itemListElement":[{"@type":"ListItem","position":1,"name":"Portada","item":"https:\/\/paemx.com\/en\/"},{"@type":"ListItem","position":2,"name":"Contact"}]},{"@type":"WebSite","@id":"https:\/\/paemx.com\/#website","url":"https:\/\/paemx.com\/","name":"Proveedora de Aislantes El\u00e9ctricos","description":"Proveedora de Aislantes El\u00e9ctricos","potentialAction":[{"@type":"SearchAction","target":{"@type":"EntryPoint","urlTemplate":"https:\/\/paemx.com\/?s={search_term_string}"},"query-input":{"@type":"PropertyValueSpecification","valueRequired":true,"valueName":"search_term_string"}}],"inLanguage":"en-US"}]}},"_links":{"self":[{"href":"https:\/\/paemx.com\/en\/wp-json\/wp\/v2\/pages\/697","targetHints":{"allow":["GET"]}}],"collection":[{"href":"https:\/\/paemx.com\/en\/wp-json\/wp\/v2\/pages"}],"about":[{"href":"https:\/\/paemx.com\/en\/wp-json\/wp\/v2\/types\/page"}],"author":[{"embeddable":true,"href":"https:\/\/paemx.com\/en\/wp-json\/wp\/v2\/users\/1"}],"replies":[{"embeddable":true,"href":"https:\/\/paemx.com\/en\/wp-json\/wp\/v2\/comments?post=697"}],"version-history":[{"count":6,"href":"https:\/\/paemx.com\/en\/wp-json\/wp\/v2\/pages\/697\/revisions"}],"predecessor-version":[{"id":6951,"href":"https:\/\/paemx.com\/en\/wp-json\/wp\/v2\/pages\/697\/revisions\/6951"}],"wp:attachment":[{"href":"https:\/\/paemx.com\/en\/wp-json\/wp\/v2\/media?parent=697"}],"curies":[{"name":"wp","href":"https:\/\/api.w.org\/{rel}","templated":true}]}}