{"id":709,"date":"2019-09-23T14:43:13","date_gmt":"2019-09-23T19:43:13","guid":{"rendered":"https:\/\/paemx.com\/industrias\/"},"modified":"2019-10-29T10:29:36","modified_gmt":"2019-10-29T16:29:36","slug":"industries","status":"publish","type":"page","link":"https:\/\/paemx.com\/en\/industries\/","title":{"rendered":"Industries"},"content":{"rendered":"<div class=\"wrap-content bg-breadcrumbs\"><div class=\"container\"><ol class=\"breadcrumbs\">\n    <li><a href=\"https:\/\/paemx.com\/en\/\">Home<\/a><\/li>\n \n \n \n \n \n\n\n<\/ol>\n<\/div><\/div>\n\n\n\n<section class=\"wp-block-agctexdomain-wrapper-agcblocks alignwide paddingTopBottom10 backgroundNoRepeat backgroundContain alturaDefault\"><div class=\"container\"><div class=\"wrapper-inner-blocks\">\n<section class=\"wp-block-agctexdomain-columnas-agcblocks alignwide columnas col-1 col-1-a paddingTopBottom0 backgroundNoRepeat backgroundContain alturaDefault\"><div class=\"container\">\n<div class=\"wp-block-agctexdomain-columna-agcblocks Columna ag-animation css-fadeInUp  JustifyflexStart backgroundNoRepeat backgroundContain\" data-ag-animation=\"fadeInUp\"><div class=\"ColumnaContent paddingTopBottom0 paddingLeftRight20\"><\/div> <\/div>\n<\/div> <div class=\"bg-forma bg-forma-display-none\"><\/div><\/section>\n<\/div><\/div> <div class=\"bg-forma\"><\/div><\/section>\n","protected":false},"excerpt":{"rendered":"","protected":false},"author":1,"featured_media":0,"parent":0,"menu_order":0,"comment_status":"closed","ping_status":"closed","template":"","meta":{"_acf_changed":false,"footnotes":""},"class_list":["post-709","page","type-page","status-publish","hentry"],"acf":[],"yoast_head":"<!-- This site is optimized with the Yoast SEO plugin v27.6 - https:\/\/yoast.com\/product\/yoast-seo-wordpress\/ -->\n<title>Productos de aislamiento electrico para la industria manufacturera<\/title>\n<meta name=\"description\" content=\"suministro de productos de aislamiento electrico para la industria manufacturera, el\u00e9ctrico, electr\u00f3nico, automotriz, electrodom\u00e9stico, industrial\" \/>\n<meta name=\"robots\" content=\"index, follow, max-snippet:-1, max-image-preview:large, max-video-preview:-1\" \/>\n<link rel=\"canonical\" href=\"https:\/\/paemx.com\/en\/industries\/\" \/>\n<meta property=\"og:locale\" content=\"en_US\" \/>\n<meta property=\"og:type\" content=\"article\" \/>\n<meta property=\"og:title\" content=\"Productos de aislamiento electrico para la industria manufacturera\" \/>\n<meta property=\"og:description\" content=\"suministro de productos de aislamiento electrico para la industria manufacturera, el\u00e9ctrico, electr\u00f3nico, automotriz, electrodom\u00e9stico, industrial\" \/>\n<meta property=\"og:url\" content=\"https:\/\/paemx.com\/en\/industries\/\" \/>\n<meta property=\"og:site_name\" content=\"Proveedora de Aislantes El\u00e9ctricos\" \/>\n<meta property=\"article:modified_time\" content=\"2019-10-29T16:29:36+00:00\" \/>\n<meta name=\"twitter:card\" content=\"summary_large_image\" \/>\n<script type=\"application\/ld+json\" class=\"yoast-schema-graph\">{\"@context\":\"https:\\\/\\\/schema.org\",\"@graph\":[{\"@type\":\"WebPage\",\"@id\":\"https:\\\/\\\/paemx.com\\\/en\\\/industries\\\/\",\"url\":\"https:\\\/\\\/paemx.com\\\/en\\\/industries\\\/\",\"name\":\"Productos de aislamiento electrico para la industria manufacturera\",\"isPartOf\":{\"@id\":\"https:\\\/\\\/paemx.com\\\/#website\"},\"datePublished\":\"2019-09-23T19:43:13+00:00\",\"dateModified\":\"2019-10-29T16:29:36+00:00\",\"description\":\"suministro de productos de aislamiento electrico para la industria manufacturera, el\u00e9ctrico, electr\u00f3nico, automotriz, electrodom\u00e9stico, industrial\",\"breadcrumb\":{\"@id\":\"https:\\\/\\\/paemx.com\\\/en\\\/industries\\\/#breadcrumb\"},\"inLanguage\":\"en-US\",\"potentialAction\":[{\"@type\":\"ReadAction\",\"target\":[\"https:\\\/\\\/paemx.com\\\/en\\\/industries\\\/\"]}]},{\"@type\":\"BreadcrumbList\",\"@id\":\"https:\\\/\\\/paemx.com\\\/en\\\/industries\\\/#breadcrumb\",\"itemListElement\":[{\"@type\":\"ListItem\",\"position\":1,\"name\":\"Portada\",\"item\":\"https:\\\/\\\/paemx.com\\\/en\\\/\"},{\"@type\":\"ListItem\",\"position\":2,\"name\":\"Industries\"}]},{\"@type\":\"WebSite\",\"@id\":\"https:\\\/\\\/paemx.com\\\/#website\",\"url\":\"https:\\\/\\\/paemx.com\\\/\",\"name\":\"Proveedora de Aislantes El\u00e9ctricos\",\"description\":\"Proveedora de Aislantes El\u00e9ctricos\",\"potentialAction\":[{\"@type\":\"SearchAction\",\"target\":{\"@type\":\"EntryPoint\",\"urlTemplate\":\"https:\\\/\\\/paemx.com\\\/?s={search_term_string}\"},\"query-input\":{\"@type\":\"PropertyValueSpecification\",\"valueRequired\":true,\"valueName\":\"search_term_string\"}}],\"inLanguage\":\"en-US\"}]}<\/script>\n<!-- \/ Yoast SEO plugin. -->","yoast_head_json":{"title":"Productos de aislamiento electrico para la industria manufacturera","description":"suministro de productos de aislamiento electrico para la industria manufacturera, el\u00e9ctrico, electr\u00f3nico, automotriz, electrodom\u00e9stico, industrial","robots":{"index":"index","follow":"follow","max-snippet":"max-snippet:-1","max-image-preview":"max-image-preview:large","max-video-preview":"max-video-preview:-1"},"canonical":"https:\/\/paemx.com\/en\/industries\/","og_locale":"en_US","og_type":"article","og_title":"Productos de aislamiento electrico para la industria manufacturera","og_description":"suministro de productos de aislamiento electrico para la industria manufacturera, el\u00e9ctrico, electr\u00f3nico, automotriz, electrodom\u00e9stico, industrial","og_url":"https:\/\/paemx.com\/en\/industries\/","og_site_name":"Proveedora de Aislantes El\u00e9ctricos","article_modified_time":"2019-10-29T16:29:36+00:00","twitter_card":"summary_large_image","schema":{"@context":"https:\/\/schema.org","@graph":[{"@type":"WebPage","@id":"https:\/\/paemx.com\/en\/industries\/","url":"https:\/\/paemx.com\/en\/industries\/","name":"Productos de aislamiento electrico para la industria manufacturera","isPartOf":{"@id":"https:\/\/paemx.com\/#website"},"datePublished":"2019-09-23T19:43:13+00:00","dateModified":"2019-10-29T16:29:36+00:00","description":"suministro de productos de aislamiento electrico para la industria manufacturera, el\u00e9ctrico, electr\u00f3nico, automotriz, electrodom\u00e9stico, industrial","breadcrumb":{"@id":"https:\/\/paemx.com\/en\/industries\/#breadcrumb"},"inLanguage":"en-US","potentialAction":[{"@type":"ReadAction","target":["https:\/\/paemx.com\/en\/industries\/"]}]},{"@type":"BreadcrumbList","@id":"https:\/\/paemx.com\/en\/industries\/#breadcrumb","itemListElement":[{"@type":"ListItem","position":1,"name":"Portada","item":"https:\/\/paemx.com\/en\/"},{"@type":"ListItem","position":2,"name":"Industries"}]},{"@type":"WebSite","@id":"https:\/\/paemx.com\/#website","url":"https:\/\/paemx.com\/","name":"Proveedora de Aislantes El\u00e9ctricos","description":"Proveedora de Aislantes El\u00e9ctricos","potentialAction":[{"@type":"SearchAction","target":{"@type":"EntryPoint","urlTemplate":"https:\/\/paemx.com\/?s={search_term_string}"},"query-input":{"@type":"PropertyValueSpecification","valueRequired":true,"valueName":"search_term_string"}}],"inLanguage":"en-US"}]}},"_links":{"self":[{"href":"https:\/\/paemx.com\/en\/wp-json\/wp\/v2\/pages\/709","targetHints":{"allow":["GET"]}}],"collection":[{"href":"https:\/\/paemx.com\/en\/wp-json\/wp\/v2\/pages"}],"about":[{"href":"https:\/\/paemx.com\/en\/wp-json\/wp\/v2\/types\/page"}],"author":[{"embeddable":true,"href":"https:\/\/paemx.com\/en\/wp-json\/wp\/v2\/users\/1"}],"replies":[{"embeddable":true,"href":"https:\/\/paemx.com\/en\/wp-json\/wp\/v2\/comments?post=709"}],"version-history":[{"count":1,"href":"https:\/\/paemx.com\/en\/wp-json\/wp\/v2\/pages\/709\/revisions"}],"predecessor-version":[{"id":732,"href":"https:\/\/paemx.com\/en\/wp-json\/wp\/v2\/pages\/709\/revisions\/732"}],"wp:attachment":[{"href":"https:\/\/paemx.com\/en\/wp-json\/wp\/v2\/media?parent=709"}],"curies":[{"name":"wp","href":"https:\/\/api.w.org\/{rel}","templated":true}]}}